{"id":770,"date":"2024-04-13T14:17:05","date_gmt":"2024-04-13T17:17:05","guid":{"rendered":"https:\/\/xn--digitalinteligncia-7wb.com.br\/?page_id=770"},"modified":"2025-04-24T15:55:43","modified_gmt":"2025-04-24T18:55:43","slug":"digital-inteligencia-sites","status":"publish","type":"page","link":"https:\/\/xn--digitalinteligncia-7wb.com.br\/index.php\/digital-inteligencia-sites\/","title":{"rendered":"Digital Intelig\u00eancia &#8211; Sites"},"content":{"rendered":"\t\t<div data-elementor-type=\"wp-post\" data-elementor-id=\"770\" class=\"elementor elementor-770\" data-elementor-post-type=\"page\">\n\t\t\t\t<div class=\"elementor-element elementor-element-cb931dd e-flex e-con-boxed e-con e-parent\" data-id=\"cb931dd\" data-element_type=\"container\" data-e-type=\"container\" data-settings=\"{&quot;background_background&quot;:&quot;classic&quot;}\">\n\t\t\t\t\t<div class=\"e-con-inner\">\n\t\t\t\t<div class=\"elementor-element elementor-element-2b68634 elementor-widget elementor-widget-menu-anchor\" data-id=\"2b68634\" data-element_type=\"widget\" data-e-type=\"widget\" data-widget_type=\"menu-anchor.default\">\n\t\t\t\t<div class=\"elementor-widget-container\">\n\t\t\t\t\t\t\t<div class=\"elementor-menu-anchor\" id=\"topo\"><\/div>\n\t\t\t\t\t\t<\/div>\n\t\t\t\t<\/div>\n\t\t\t\t\t<\/div>\n\t\t\t\t<\/div>\n\t\t<div class=\"elementor-element elementor-element-df79bad e-flex e-con-boxed e-con e-parent\" data-id=\"df79bad\" data-element_type=\"container\" data-e-type=\"container\" data-settings=\"{&quot;background_background&quot;:&quot;classic&quot;}\">\n\t\t\t\t\t<div class=\"e-con-inner\">\n\t\t<div class=\"elementor-element elementor-element-62c573d e-con-full e-flex e-con e-child\" data-id=\"62c573d\" data-element_type=\"container\" data-e-type=\"container\">\n\t\t\t\t<div class=\"elementor-element elementor-element-e8f18a5 elementor-widget elementor-widget-image\" data-id=\"e8f18a5\" data-element_type=\"widget\" data-e-type=\"widget\" data-widget_type=\"image.default\">\n\t\t\t\t<div class=\"elementor-widget-container\">\n\t\t\t\t\t\t\t\t\t\t\t\t\t\t\t\t<a href=\"https:\/\/xn--digitalinteligncia-7wb.com.br\/\">\n\t\t\t\t\t\t\t<img decoding=\"async\" width=\"150\" height=\"150\" src=\"https:\/\/xn--digitalinteligncia-7wb.com.br\/wp-content\/uploads\/2025\/04\/Menor-logo-1-150x150.png\" class=\"attachment-thumbnail size-thumbnail wp-image-1087\" alt=\"\" srcset=\"https:\/\/xn--digitalinteligncia-7wb.com.br\/wp-content\/uploads\/2025\/04\/Menor-logo-1-150x150.png 150w, https:\/\/xn--digitalinteligncia-7wb.com.br\/wp-content\/uploads\/2025\/04\/Menor-logo-1-300x300.png 300w, https:\/\/xn--digitalinteligncia-7wb.com.br\/wp-content\/uploads\/2025\/04\/Menor-logo-1.png 500w\" sizes=\"(max-width: 150px) 100vw, 150px\" \/>\t\t\t\t\t\t\t\t<\/a>\n\t\t\t\t\t\t\t\t\t\t\t\t\t\t\t<\/div>\n\t\t\t\t<\/div>\n\t\t\t\t<\/div>\n\t\t<div class=\"elementor-element elementor-element-eec403b e-con-full e-flex e-con e-child\" data-id=\"eec403b\" data-element_type=\"container\" data-e-type=\"container\">\n\t\t\t\t<div class=\"elementor-element elementor-element-21c10ad elementor-widget elementor-widget-heading\" data-id=\"21c10ad\" data-element_type=\"widget\" data-e-type=\"widget\" data-widget_type=\"heading.default\">\n\t\t\t\t<div class=\"elementor-widget-container\">\n\t\t\t\t\t<h1 class=\"elementor-heading-title elementor-size-default\">Problemas  Relacionados aos Sites:<\/h1>\t\t\t\t<\/div>\n\t\t\t\t<\/div>\n\t\t\t\t<\/div>\n\t\t\t\t\t<\/div>\n\t\t\t\t<\/div>\n\t\t<div class=\"elementor-element elementor-element-aee1313 e-flex e-con-boxed e-con e-parent\" data-id=\"aee1313\" data-element_type=\"container\" data-e-type=\"container\" data-settings=\"{&quot;background_background&quot;:&quot;classic&quot;}\">\n\t\t\t\t\t<div class=\"e-con-inner\">\n\t\t\t\t<div class=\"elementor-element elementor-element-3f77590 elementor-button-align-end elementor-widget elementor-widget-form\" data-id=\"3f77590\" data-element_type=\"widget\" data-e-type=\"widget\" data-settings=\"{&quot;step_next_label&quot;:&quot;Pr\\u00f3ximo&quot;,&quot;step_previous_label&quot;:&quot;Anterior&quot;,&quot;button_width&quot;:&quot;100&quot;,&quot;step_type&quot;:&quot;number_text&quot;,&quot;step_icon_shape&quot;:&quot;circle&quot;}\" data-widget_type=\"form.default\">\n\t\t\t\t<div class=\"elementor-widget-container\">\n\t\t\t\t\t\t\t<form class=\"elementor-form\" method=\"post\" name=\"Novo formul\u00e1rio\" aria-label=\"Novo formul\u00e1rio\">\n\t\t\t<input type=\"hidden\" name=\"post_id\" value=\"770\"\/>\n\t\t\t<input type=\"hidden\" name=\"form_id\" value=\"3f77590\"\/>\n\t\t\t<input type=\"hidden\" name=\"referer_title\" value=\"Digital Intelig\u00eancia - Sites | Digital Intelig\u00eancia\" \/>\n\n\t\t\t\t\t\t\t<input type=\"hidden\" name=\"queried_id\" value=\"770\"\/>\n\t\t\t\n\t\t\t<div class=\"elementor-form-fields-wrapper elementor-labels-above\">\n\t\t\t\t\t\t\t\t<div class=\"elementor-field-type-text elementor-field-group elementor-column elementor-field-group-name elementor-col-50 elementor-field-required\">\n\t\t\t\t\t\t\t\t\t\t\t\t<label for=\"form-field-name\" class=\"elementor-field-label\">\n\t\t\t\t\t\t\t\tNome\t\t\t\t\t\t\t<\/label>\n\t\t\t\t\t\t\t\t\t\t\t\t\t\t<input size=\"1\" type=\"text\" name=\"form_fields[name]\" id=\"form-field-name\" class=\"elementor-field elementor-size-sm  elementor-field-textual\" placeholder=\"Nome\" required=\"required\">\n\t\t\t\t\t\t\t\t\t\t\t<\/div>\n\t\t\t\t\t\t\t\t<div class=\"elementor-field-type-email elementor-field-group elementor-column elementor-field-group-email elementor-col-50 elementor-field-required\">\n\t\t\t\t\t\t\t\t\t\t\t\t<label for=\"form-field-email\" class=\"elementor-field-label\">\n\t\t\t\t\t\t\t\tE-mail\t\t\t\t\t\t\t<\/label>\n\t\t\t\t\t\t\t\t\t\t\t\t\t\t<input size=\"1\" type=\"email\" name=\"form_fields[email]\" id=\"form-field-email\" class=\"elementor-field elementor-size-sm  elementor-field-textual\" placeholder=\"E-mail\" required=\"required\">\n\t\t\t\t\t\t\t\t\t\t\t<\/div>\n\t\t\t\t\t\t\t\t<div class=\"elementor-field-type-maskcpfcnpj elementor-field-group elementor-column elementor-field-group-field_9b293cf elementor-col-50 elementor-field-required\">\n\t\t\t\t\t\t\t\t\t\t\t\t<label for=\"form-field-field_9b293cf\" class=\"elementor-field-label\">\n\t\t\t\t\t\t\t\tCPF\/CNPJ\t\t\t\t\t\t\t<\/label>\n\t\t\t\t\t\t<input size=\"1\" type=\"tel\" name=\"form_fields[field_9b293cf]\" id=\"form-field-field_9b293cf\" class=\"elementor-field elementor-size-sm  elementor-field-textual cpfcnpj\" required=\"required\" placeholder=\"CPF\/CNPJ\">\t\t\t\t<\/div>\n\t\t\t\t\t\t\t\t<div class=\"elementor-field-type-maskphone_with_ddd elementor-field-group elementor-column elementor-field-group-field_19a3eb7 elementor-col-50 elementor-field-required\">\n\t\t\t\t\t\t\t\t\t\t\t\t<label for=\"form-field-field_19a3eb7\" class=\"elementor-field-label\">\n\t\t\t\t\t\t\t\tCelular\t\t\t\t\t\t\t<\/label>\n\t\t\t\t\t\t<input size=\"1\" type=\"tel\" name=\"form_fields[field_19a3eb7]\" id=\"form-field-field_19a3eb7\" class=\"elementor-field elementor-size-sm  elementor-field-textual phone_with_ddd\" required=\"required\" placeholder=\"Celular\">\t\t\t\t<\/div>\n\t\t\t\t\t\t\t\t<div class=\"elementor-field-type-select elementor-field-group elementor-column elementor-field-group-field_8f4ae4f elementor-col-50 elementor-field-required\">\n\t\t\t\t\t\t\t\t\t\t\t\t<label for=\"form-field-field_8f4ae4f\" class=\"elementor-field-label\">\n\t\t\t\t\t\t\t\tAssunto\t\t\t\t\t\t\t<\/label>\n\t\t\t\t\t\t\t\t<div class=\"elementor-field elementor-select-wrapper remove-before \">\n\t\t\t<div class=\"select-caret-down-wrapper\">\n\t\t\t\t<svg aria-hidden=\"true\" class=\"e-font-icon-svg e-eicon-caret-down\" viewBox=\"0 0 571.4 571.4\" xmlns=\"http:\/\/www.w3.org\/2000\/svg\"><path d=\"M571 393Q571 407 561 418L311 668Q300 679 286 679T261 668L11 418Q0 407 0 393T11 368 36 357H536Q550 357 561 368T571 393Z\"><\/path><\/svg>\t\t\t<\/div>\n\t\t\t<select name=\"form_fields[field_8f4ae4f]\" id=\"form-field-field_8f4ae4f\" class=\"elementor-field-textual elementor-size-sm\" required=\"required\">\n\t\t\t\t\t\t\t\t\t<option value=\"Selecionar:\">Selecionar:<\/option>\n\t\t\t\t\t\t\t\t\t<option value=\"1. Localizar informa\u00e7\u00f5es de um site;\">1. Localizar informa\u00e7\u00f5es de um site;<\/option>\n\t\t\t\t\t\t\t\t\t<option value=\"2. Encontrar o propriet\u00e1rio de um site;\">2. Encontrar o propriet\u00e1rio de um site;<\/option>\n\t\t\t\t\t\t\t\t\t<option value=\"3. Verificar e monitorar invas\u00e3o de um site;\">3. Verificar e monitorar invas\u00e3o de um site;<\/option>\n\t\t\t\t\t\t\t\t\t<option value=\"4. Outros (descrever detalhes na Mensagem abaixo).\">4. Outros (descrever detalhes na Mensagem abaixo).<\/option>\n\t\t\t\t\t\t\t<\/select>\n\t\t<\/div>\n\t\t\t\t\t\t<\/div>\n\t\t\t\t\t\t\t\t<div class=\"elementor-field-type-select elementor-field-group elementor-column elementor-field-group-destinatario elementor-col-50 elementor-field-required\">\n\t\t\t\t\t\t\t\t\t\t\t\t<label for=\"form-field-destinatario\" class=\"elementor-field-label\">\n\t\t\t\t\t\t\t\tDestinat\u00e1rio\t\t\t\t\t\t\t<\/label>\n\t\t\t\t\t\t\t\t<div class=\"elementor-field elementor-select-wrapper remove-before \">\n\t\t\t<div class=\"select-caret-down-wrapper\">\n\t\t\t\t<svg aria-hidden=\"true\" class=\"e-font-icon-svg e-eicon-caret-down\" viewBox=\"0 0 571.4 571.4\" xmlns=\"http:\/\/www.w3.org\/2000\/svg\"><path d=\"M571 393Q571 407 561 418L311 668Q300 679 286 679T261 668L11 418Q0 407 0 393T11 368 36 357H536Q550 357 561 368T571 393Z\"><\/path><\/svg>\t\t\t<\/div>\n\t\t\t<select name=\"form_fields[destinatario]\" id=\"form-field-destinatario\" class=\"elementor-field-textual elementor-size-sm\" required=\"required\">\n\t\t\t\t\t\t\t\t\t<option value=\"Selecionar setor:\">Selecionar setor:<\/option>\n\t\t\t\t\t\t\t\t\t<option value=\" di@grupomindbr.com.br\">Digital Intelig\u00eancia <\/option>\n\t\t\t\t\t\t\t<\/select>\n\t\t<\/div>\n\t\t\t\t\t\t<\/div>\n\t\t\t\t\t\t\t\t<div class=\"elementor-field-type-upload elementor-field-group elementor-column elementor-field-group-field_e557667 elementor-col-50\">\n\t\t\t\t\t\t\t\t\t\t\t\t<label for=\"form-field-field_e557667\" class=\"elementor-field-label\">\n\t\t\t\t\t\t\t\tDocumentos\t\t\t\t\t\t\t<\/label>\n\t\t\t\t\t\t\t\t<input type=\"file\" name=\"form_fields[field_e557667][]\" id=\"form-field-field_e557667\" class=\"elementor-field elementor-size-sm  elementor-upload-field\" multiple=\"multiple\" data-maxsize=\"3\" data-maxsize-message=\"Esse arquivo excede o tamanho m\u00e1ximo permitido.\">\n\n\t\t\t\t\t\t<\/div>\n\t\t\t\t\t\t\t\t<div class=\"elementor-field-type-upload elementor-field-group elementor-column elementor-field-group-field_a259063 elementor-col-50\">\n\t\t\t\t\t\t\t\t\t\t\t\t<label for=\"form-field-field_a259063\" class=\"elementor-field-label\">\n\t\t\t\t\t\t\t\tImagens\t\t\t\t\t\t\t<\/label>\n\t\t\t\t\t\t\t\t<input type=\"file\" name=\"form_fields[field_a259063][]\" id=\"form-field-field_a259063\" class=\"elementor-field elementor-size-sm  elementor-upload-field\" multiple=\"multiple\" data-maxsize=\"10\" data-maxsize-message=\"Esse arquivo excede o tamanho m\u00e1ximo permitido.\">\n\n\t\t\t\t\t\t<\/div>\n\t\t\t\t\t\t\t\t<div class=\"elementor-field-type-textarea elementor-field-group elementor-column elementor-field-group-message elementor-col-100\">\n\t\t\t\t\t\t\t\t\t\t\t\t<label for=\"form-field-message\" class=\"elementor-field-label\">\n\t\t\t\t\t\t\t\tOutras informa\u00e7\u00f5es relacionadas\t\t\t\t\t\t\t<\/label>\n\t\t\t\t\t\t<textarea class=\"elementor-field-textual elementor-field  elementor-size-sm\" name=\"form_fields[message]\" id=\"form-field-message\" rows=\"4\" placeholder=\"Mensagem\"><\/textarea>\t\t\t\t<\/div>\n\t\t\t\t\t\t\t\t<div class=\"elementor-field-type-acceptance elementor-field-group elementor-column elementor-field-group-field_df5f719 elementor-col-100 elementor-field-required\">\n\t\t\t\t\t\t\t\t\t\t\t\t<label for=\"form-field-field_df5f719\" class=\"elementor-field-label\">\n\t\t\t\t\t\t\t\tDeclaro, sob as penas da lei, que s\u00e3o verdadeiras as informa\u00e7\u00f5es prestadas neste formul\u00e1rio.\t\t\t\t\t\t\t<\/label>\n\t\t\t\t\t\t\t\t<div class=\"elementor-field-subgroup\">\n\t\t\t<span class=\"elementor-field-option\">\n\t\t\t\t<input type=\"checkbox\" name=\"form_fields[field_df5f719]\" id=\"form-field-field_df5f719\" class=\"elementor-field elementor-size-sm  elementor-acceptance-field\" required=\"required\">\n\t\t\t\t\t\t\t<\/span>\n\t\t<\/div>\n\t\t\t\t\t\t<\/div>\n\t\t\t\t\t\t\t\t<div class=\"elementor-field-group elementor-column elementor-field-type-submit elementor-col-100 e-form__buttons\">\n\t\t\t\t\t<button class=\"elementor-button elementor-size-sm\" type=\"submit\">\n\t\t\t\t\t\t<span class=\"elementor-button-content-wrapper\">\n\t\t\t\t\t\t\t\t\t\t\t\t\t\t\t\t\t\t\t\t\t\t<span class=\"elementor-button-text\">Enviar<\/span>\n\t\t\t\t\t\t\t\t\t\t\t\t\t<\/span>\n\t\t\t\t\t<\/button>\n\t\t\t\t<\/div>\n\t\t\t<\/div>\n\t\t<\/form>\n\t\t\t\t\t\t<\/div>\n\t\t\t\t<\/div>\n\t\t\t\t\t<\/div>\n\t\t\t\t<\/div>\n\t\t<div class=\"elementor-element elementor-element-f5cd959 e-flex e-con-boxed e-con e-parent\" data-id=\"f5cd959\" data-element_type=\"container\" data-e-type=\"container\" data-settings=\"{&quot;background_background&quot;:&quot;classic&quot;}\">\n\t\t\t\t\t<div class=\"e-con-inner\">\n\t\t<div class=\"elementor-element elementor-element-fd77833 e-con-full e-flex e-con e-child\" data-id=\"fd77833\" data-element_type=\"container\" data-e-type=\"container\">\n\t\t\t\t<div class=\"elementor-element elementor-element-f9ea533 elementor-align-center elementor-widget elementor-widget-button\" data-id=\"f9ea533\" data-element_type=\"widget\" data-e-type=\"widget\" data-widget_type=\"button.default\">\n\t\t\t\t<div class=\"elementor-widget-container\">\n\t\t\t\t\t\t\t\t\t<div class=\"elementor-button-wrapper\">\n\t\t\t\t\t<a class=\"elementor-button elementor-button-link elementor-size-md\" href=\"https:\/\/xn--digitalinteligncia-7wb.com.br\/index.php\/inicial\/\">\n\t\t\t\t\t\t<span class=\"elementor-button-content-wrapper\">\n\t\t\t\t\t\t\t\t\t<span class=\"elementor-button-text\">Voltar<\/span>\n\t\t\t\t\t<\/span>\n\t\t\t\t\t<\/a>\n\t\t\t\t<\/div>\n\t\t\t\t\t\t\t\t<\/div>\n\t\t\t\t<\/div>\n\t\t\t\t<\/div>\n\t\t<div class=\"elementor-element elementor-element-8d10550 e-con-full e-flex e-con e-child\" data-id=\"8d10550\" data-element_type=\"container\" data-e-type=\"container\">\n\t\t\t\t<div class=\"elementor-element elementor-element-e803b6f elementor-align-center elementor-widget elementor-widget-button\" data-id=\"e803b6f\" data-element_type=\"widget\" data-e-type=\"widget\" data-widget_type=\"button.default\">\n\t\t\t\t<div class=\"elementor-widget-container\">\n\t\t\t\t\t\t\t\t\t<div class=\"elementor-button-wrapper\">\n\t\t\t\t\t<a class=\"elementor-button elementor-button-link elementor-size-md\" href=\"https:\/\/xn--digitalinteligncia-7wb.com.br\/index.php\/inicial\/\">\n\t\t\t\t\t\t<span class=\"elementor-button-content-wrapper\">\n\t\t\t\t\t\t\t\t\t<span class=\"elementor-button-text\">Sair<\/span>\n\t\t\t\t\t<\/span>\n\t\t\t\t\t<\/a>\n\t\t\t\t<\/div>\n\t\t\t\t\t\t\t\t<\/div>\n\t\t\t\t<\/div>\n\t\t\t\t<\/div>\n\t\t\t\t\t<\/div>\n\t\t\t\t<\/div>\n\t\t\t\t<\/div>\n\t\t","protected":false},"excerpt":{"rendered":"<p>Problemas Relacionados aos Sites: Voltar Sair<\/p>\n","protected":false},"author":1,"featured_media":0,"parent":0,"menu_order":0,"comment_status":"closed","ping_status":"closed","template":"elementor_canvas","meta":{"footnotes":""},"class_list":["post-770","page","type-page","status-publish","hentry"],"yoast_head":"<!-- This site is optimized with the Yoast SEO plugin v27.5 - https:\/\/yoast.com\/product\/yoast-seo-wordpress\/ -->\n<title>Digital Intelig\u00eancia - Sites | Digital Intelig\u00eancia<\/title>\n<meta name=\"robots\" content=\"index, follow, max-snippet:-1, max-image-preview:large, max-video-preview:-1\" \/>\n<link rel=\"canonical\" href=\"https:\/\/xn--digitalinteligncia-7wb.com.br\/index.php\/digital-inteligencia-sites\/\" \/>\n<meta property=\"og:locale\" content=\"pt_BR\" \/>\n<meta property=\"og:type\" content=\"article\" \/>\n<meta property=\"og:title\" content=\"Digital Intelig\u00eancia - Sites | Digital Intelig\u00eancia\" \/>\n<meta property=\"og:description\" content=\"Problemas Relacionados aos Sites: Voltar Sair\" \/>\n<meta property=\"og:url\" content=\"https:\/\/xn--digitalinteligncia-7wb.com.br\/index.php\/digital-inteligencia-sites\/\" \/>\n<meta property=\"og:site_name\" content=\"Digital Intelig\u00eancia\" \/>\n<meta property=\"article:modified_time\" content=\"2025-04-24T18:55:43+00:00\" \/>\n<meta property=\"og:image\" content=\"https:\/\/xn--digitalinteligncia-7wb.com.br\/wp-content\/uploads\/2025\/04\/Menor-logo-1.png\" \/>\n\t<meta property=\"og:image:width\" content=\"500\" \/>\n\t<meta property=\"og:image:height\" content=\"500\" \/>\n\t<meta property=\"og:image:type\" content=\"image\/png\" \/>\n<meta name=\"twitter:card\" content=\"summary_large_image\" \/>\n<meta name=\"twitter:label1\" content=\"Est. tempo de leitura\" \/>\n\t<meta name=\"twitter:data1\" content=\"1 minuto\" \/>\n<script type=\"application\/ld+json\" class=\"yoast-schema-graph\">{\"@context\":\"https:\\\/\\\/schema.org\",\"@graph\":[{\"@type\":\"WebPage\",\"@id\":\"https:\\\/\\\/xn--digitalinteligncia-7wb.com.br\\\/index.php\\\/digital-inteligencia-sites\\\/\",\"url\":\"https:\\\/\\\/xn--digitalinteligncia-7wb.com.br\\\/index.php\\\/digital-inteligencia-sites\\\/\",\"name\":\"Digital Intelig\u00eancia - Sites | Digital Intelig\u00eancia\",\"isPartOf\":{\"@id\":\"https:\\\/\\\/xn--digitalinteligncia-7wb.com.br\\\/#website\"},\"primaryImageOfPage\":{\"@id\":\"https:\\\/\\\/xn--digitalinteligncia-7wb.com.br\\\/index.php\\\/digital-inteligencia-sites\\\/#primaryimage\"},\"image\":{\"@id\":\"https:\\\/\\\/xn--digitalinteligncia-7wb.com.br\\\/index.php\\\/digital-inteligencia-sites\\\/#primaryimage\"},\"thumbnailUrl\":\"https:\\\/\\\/xn--digitalinteligncia-7wb.com.br\\\/wp-content\\\/uploads\\\/2025\\\/04\\\/Menor-logo-1-150x150.png\",\"datePublished\":\"2024-04-13T17:17:05+00:00\",\"dateModified\":\"2025-04-24T18:55:43+00:00\",\"breadcrumb\":{\"@id\":\"https:\\\/\\\/xn--digitalinteligncia-7wb.com.br\\\/index.php\\\/digital-inteligencia-sites\\\/#breadcrumb\"},\"inLanguage\":\"pt-BR\",\"potentialAction\":[{\"@type\":\"ReadAction\",\"target\":[\"https:\\\/\\\/xn--digitalinteligncia-7wb.com.br\\\/index.php\\\/digital-inteligencia-sites\\\/\"]}]},{\"@type\":\"ImageObject\",\"inLanguage\":\"pt-BR\",\"@id\":\"https:\\\/\\\/xn--digitalinteligncia-7wb.com.br\\\/index.php\\\/digital-inteligencia-sites\\\/#primaryimage\",\"url\":\"https:\\\/\\\/xn--digitalinteligncia-7wb.com.br\\\/wp-content\\\/uploads\\\/2025\\\/04\\\/Menor-logo-1.png\",\"contentUrl\":\"https:\\\/\\\/xn--digitalinteligncia-7wb.com.br\\\/wp-content\\\/uploads\\\/2025\\\/04\\\/Menor-logo-1.png\",\"width\":500,\"height\":500},{\"@type\":\"BreadcrumbList\",\"@id\":\"https:\\\/\\\/xn--digitalinteligncia-7wb.com.br\\\/index.php\\\/digital-inteligencia-sites\\\/#breadcrumb\",\"itemListElement\":[{\"@type\":\"ListItem\",\"position\":1,\"name\":\"In\u00edcio\",\"item\":\"https:\\\/\\\/xn--digitalinteligncia-7wb.com.br\\\/\"},{\"@type\":\"ListItem\",\"position\":2,\"name\":\"Digital Intelig\u00eancia &#8211; Sites\"}]},{\"@type\":\"WebSite\",\"@id\":\"https:\\\/\\\/xn--digitalinteligncia-7wb.com.br\\\/#website\",\"url\":\"https:\\\/\\\/xn--digitalinteligncia-7wb.com.br\\\/\",\"name\":\"Digital Intelig\u00eancia\",\"description\":\"Servi\u00e7os de Intelig\u00eancia Digital\",\"publisher\":{\"@id\":\"https:\\\/\\\/xn--digitalinteligncia-7wb.com.br\\\/#organization\"},\"potentialAction\":[{\"@type\":\"SearchAction\",\"target\":{\"@type\":\"EntryPoint\",\"urlTemplate\":\"https:\\\/\\\/xn--digitalinteligncia-7wb.com.br\\\/?s={search_term_string}\"},\"query-input\":{\"@type\":\"PropertyValueSpecification\",\"valueRequired\":true,\"valueName\":\"search_term_string\"}}],\"inLanguage\":\"pt-BR\"},{\"@type\":\"Organization\",\"@id\":\"https:\\\/\\\/xn--digitalinteligncia-7wb.com.br\\\/#organization\",\"name\":\"Digital Intelig\u00eancia\",\"url\":\"https:\\\/\\\/xn--digitalinteligncia-7wb.com.br\\\/\",\"logo\":{\"@type\":\"ImageObject\",\"inLanguage\":\"pt-BR\",\"@id\":\"https:\\\/\\\/xn--digitalinteligncia-7wb.com.br\\\/#\\\/schema\\\/logo\\\/image\\\/\",\"url\":\"https:\\\/\\\/xn--digitalinteligncia-7wb.com.br\\\/wp-content\\\/uploads\\\/2024\\\/01\\\/Distico.png\",\"contentUrl\":\"https:\\\/\\\/xn--digitalinteligncia-7wb.com.br\\\/wp-content\\\/uploads\\\/2024\\\/01\\\/Distico.png\",\"width\":500,\"height\":500,\"caption\":\"Digital Intelig\u00eancia\"},\"image\":{\"@id\":\"https:\\\/\\\/xn--digitalinteligncia-7wb.com.br\\\/#\\\/schema\\\/logo\\\/image\\\/\"}}]}<\/script>\n<!-- \/ Yoast SEO plugin. -->","yoast_head_json":{"title":"Digital Intelig\u00eancia - Sites | Digital Intelig\u00eancia","robots":{"index":"index","follow":"follow","max-snippet":"max-snippet:-1","max-image-preview":"max-image-preview:large","max-video-preview":"max-video-preview:-1"},"canonical":"https:\/\/xn--digitalinteligncia-7wb.com.br\/index.php\/digital-inteligencia-sites\/","og_locale":"pt_BR","og_type":"article","og_title":"Digital Intelig\u00eancia - Sites | Digital Intelig\u00eancia","og_description":"Problemas Relacionados aos Sites: Voltar Sair","og_url":"https:\/\/xn--digitalinteligncia-7wb.com.br\/index.php\/digital-inteligencia-sites\/","og_site_name":"Digital Intelig\u00eancia","article_modified_time":"2025-04-24T18:55:43+00:00","og_image":[{"width":500,"height":500,"url":"https:\/\/xn--digitalinteligncia-7wb.com.br\/wp-content\/uploads\/2025\/04\/Menor-logo-1.png","type":"image\/png"}],"twitter_card":"summary_large_image","twitter_misc":{"Est. tempo de leitura":"1 minuto"},"schema":{"@context":"https:\/\/schema.org","@graph":[{"@type":"WebPage","@id":"https:\/\/xn--digitalinteligncia-7wb.com.br\/index.php\/digital-inteligencia-sites\/","url":"https:\/\/xn--digitalinteligncia-7wb.com.br\/index.php\/digital-inteligencia-sites\/","name":"Digital Intelig\u00eancia - Sites | Digital Intelig\u00eancia","isPartOf":{"@id":"https:\/\/xn--digitalinteligncia-7wb.com.br\/#website"},"primaryImageOfPage":{"@id":"https:\/\/xn--digitalinteligncia-7wb.com.br\/index.php\/digital-inteligencia-sites\/#primaryimage"},"image":{"@id":"https:\/\/xn--digitalinteligncia-7wb.com.br\/index.php\/digital-inteligencia-sites\/#primaryimage"},"thumbnailUrl":"https:\/\/xn--digitalinteligncia-7wb.com.br\/wp-content\/uploads\/2025\/04\/Menor-logo-1-150x150.png","datePublished":"2024-04-13T17:17:05+00:00","dateModified":"2025-04-24T18:55:43+00:00","breadcrumb":{"@id":"https:\/\/xn--digitalinteligncia-7wb.com.br\/index.php\/digital-inteligencia-sites\/#breadcrumb"},"inLanguage":"pt-BR","potentialAction":[{"@type":"ReadAction","target":["https:\/\/xn--digitalinteligncia-7wb.com.br\/index.php\/digital-inteligencia-sites\/"]}]},{"@type":"ImageObject","inLanguage":"pt-BR","@id":"https:\/\/xn--digitalinteligncia-7wb.com.br\/index.php\/digital-inteligencia-sites\/#primaryimage","url":"https:\/\/xn--digitalinteligncia-7wb.com.br\/wp-content\/uploads\/2025\/04\/Menor-logo-1.png","contentUrl":"https:\/\/xn--digitalinteligncia-7wb.com.br\/wp-content\/uploads\/2025\/04\/Menor-logo-1.png","width":500,"height":500},{"@type":"BreadcrumbList","@id":"https:\/\/xn--digitalinteligncia-7wb.com.br\/index.php\/digital-inteligencia-sites\/#breadcrumb","itemListElement":[{"@type":"ListItem","position":1,"name":"In\u00edcio","item":"https:\/\/xn--digitalinteligncia-7wb.com.br\/"},{"@type":"ListItem","position":2,"name":"Digital Intelig\u00eancia &#8211; Sites"}]},{"@type":"WebSite","@id":"https:\/\/xn--digitalinteligncia-7wb.com.br\/#website","url":"https:\/\/xn--digitalinteligncia-7wb.com.br\/","name":"Digital Intelig\u00eancia","description":"Servi\u00e7os de Intelig\u00eancia Digital","publisher":{"@id":"https:\/\/xn--digitalinteligncia-7wb.com.br\/#organization"},"potentialAction":[{"@type":"SearchAction","target":{"@type":"EntryPoint","urlTemplate":"https:\/\/xn--digitalinteligncia-7wb.com.br\/?s={search_term_string}"},"query-input":{"@type":"PropertyValueSpecification","valueRequired":true,"valueName":"search_term_string"}}],"inLanguage":"pt-BR"},{"@type":"Organization","@id":"https:\/\/xn--digitalinteligncia-7wb.com.br\/#organization","name":"Digital Intelig\u00eancia","url":"https:\/\/xn--digitalinteligncia-7wb.com.br\/","logo":{"@type":"ImageObject","inLanguage":"pt-BR","@id":"https:\/\/xn--digitalinteligncia-7wb.com.br\/#\/schema\/logo\/image\/","url":"https:\/\/xn--digitalinteligncia-7wb.com.br\/wp-content\/uploads\/2024\/01\/Distico.png","contentUrl":"https:\/\/xn--digitalinteligncia-7wb.com.br\/wp-content\/uploads\/2024\/01\/Distico.png","width":500,"height":500,"caption":"Digital Intelig\u00eancia"},"image":{"@id":"https:\/\/xn--digitalinteligncia-7wb.com.br\/#\/schema\/logo\/image\/"}}]}},"_links":{"self":[{"href":"https:\/\/xn--digitalinteligncia-7wb.com.br\/index.php\/wp-json\/wp\/v2\/pages\/770","targetHints":{"allow":["GET"]}}],"collection":[{"href":"https:\/\/xn--digitalinteligncia-7wb.com.br\/index.php\/wp-json\/wp\/v2\/pages"}],"about":[{"href":"https:\/\/xn--digitalinteligncia-7wb.com.br\/index.php\/wp-json\/wp\/v2\/types\/page"}],"author":[{"embeddable":true,"href":"https:\/\/xn--digitalinteligncia-7wb.com.br\/index.php\/wp-json\/wp\/v2\/users\/1"}],"replies":[{"embeddable":true,"href":"https:\/\/xn--digitalinteligncia-7wb.com.br\/index.php\/wp-json\/wp\/v2\/comments?post=770"}],"version-history":[{"count":86,"href":"https:\/\/xn--digitalinteligncia-7wb.com.br\/index.php\/wp-json\/wp\/v2\/pages\/770\/revisions"}],"predecessor-version":[{"id":1090,"href":"https:\/\/xn--digitalinteligncia-7wb.com.br\/index.php\/wp-json\/wp\/v2\/pages\/770\/revisions\/1090"}],"wp:attachment":[{"href":"https:\/\/xn--digitalinteligncia-7wb.com.br\/index.php\/wp-json\/wp\/v2\/media?parent=770"}],"curies":[{"name":"wp","href":"https:\/\/api.w.org\/{rel}","templated":true}]}}