{"id":846,"date":"2024-04-22T17:48:01","date_gmt":"2024-04-22T20:48:01","guid":{"rendered":"https:\/\/xn--digitalinteligncia-7wb.com.br\/?page_id=846"},"modified":"2025-04-24T15:47:18","modified_gmt":"2025-04-24T18:47:18","slug":"inicial","status":"publish","type":"page","link":"https:\/\/xn--digitalinteligncia-7wb.com.br\/index.php\/inicial\/","title":{"rendered":"Inicial"},"content":{"rendered":"\t\t<div data-elementor-type=\"wp-post\" data-elementor-id=\"846\" class=\"elementor elementor-846\" data-elementor-post-type=\"page\">\n\t\t\t\t<div class=\"elementor-element elementor-element-cb931dd e-flex e-con-boxed e-con e-parent\" data-id=\"cb931dd\" data-element_type=\"container\" data-e-type=\"container\" data-settings=\"{&quot;background_background&quot;:&quot;classic&quot;}\">\n\t\t\t\t\t<div class=\"e-con-inner\">\n\t\t\t\t<div class=\"elementor-element elementor-element-2b68634 elementor-widget elementor-widget-menu-anchor\" data-id=\"2b68634\" data-element_type=\"widget\" data-e-type=\"widget\" data-widget_type=\"menu-anchor.default\">\n\t\t\t\t<div class=\"elementor-widget-container\">\n\t\t\t\t\t\t\t<div class=\"elementor-menu-anchor\" id=\"topo\"><\/div>\n\t\t\t\t\t\t<\/div>\n\t\t\t\t<\/div>\n\t\t\t\t\t<\/div>\n\t\t\t\t<\/div>\n\t\t<div class=\"elementor-element elementor-element-99ba5df e-flex e-con-boxed e-con e-parent\" data-id=\"99ba5df\" data-element_type=\"container\" data-e-type=\"container\" data-settings=\"{&quot;background_background&quot;:&quot;classic&quot;}\">\n\t\t\t\t\t<div class=\"e-con-inner\">\n\t\t<div class=\"elementor-element elementor-element-daffdda e-con-full e-flex e-con e-child\" data-id=\"daffdda\" data-element_type=\"container\" data-e-type=\"container\">\n\t\t\t\t<div class=\"elementor-element elementor-element-72dd366 elementor-widget elementor-widget-image\" data-id=\"72dd366\" data-element_type=\"widget\" data-e-type=\"widget\" data-widget_type=\"image.default\">\n\t\t\t\t<div class=\"elementor-widget-container\">\n\t\t\t\t\t\t\t\t\t\t\t\t\t\t\t\t<a href=\"https:\/\/xn--digitalinteligncia-7wb.com.br\/\">\n\t\t\t\t\t\t\t<img decoding=\"async\" src=\"https:\/\/xn--digitalinteligncia-7wb.com.br\/wp-content\/uploads\/elementor\/thumbs\/Distico-qi9ptj2l5dxwbx4o4euyvi2q7n065pz06ia4qy765k.png\" title=\"Distico\" alt=\"Distico\" loading=\"lazy\" \/>\t\t\t\t\t\t\t\t<\/a>\n\t\t\t\t\t\t\t\t\t\t\t\t\t\t\t<\/div>\n\t\t\t\t<\/div>\n\t\t\t\t<\/div>\n\t\t<div class=\"elementor-element elementor-element-04efbf5 e-con-full e-flex e-con e-child\" data-id=\"04efbf5\" data-element_type=\"container\" data-e-type=\"container\">\n\t\t\t\t<div class=\"elementor-element elementor-element-52719a4 elementor-widget elementor-widget-heading\" data-id=\"52719a4\" data-element_type=\"widget\" data-e-type=\"widget\" data-widget_type=\"heading.default\">\n\t\t\t\t<div class=\"elementor-widget-container\">\n\t\t\t\t\t<h1 class=\"elementor-heading-title elementor-size-default\">Nosso neg\u00f3cio \u00e9 a sua privacidade protegida!<\/h1>\t\t\t\t<\/div>\n\t\t\t\t<\/div>\n\t\t\t\t<\/div>\n\t\t\t\t\t<\/div>\n\t\t\t\t<\/div>\n\t\t<div class=\"elementor-element elementor-element-85c4638 e-flex e-con-boxed e-con e-parent\" data-id=\"85c4638\" data-element_type=\"container\" data-e-type=\"container\" data-settings=\"{&quot;background_background&quot;:&quot;classic&quot;}\">\n\t\t\t\t\t<div class=\"e-con-inner\">\n\t\t<div class=\"elementor-element elementor-element-6464286 e-con-full e-flex e-con e-child\" data-id=\"6464286\" data-element_type=\"container\" data-e-type=\"container\" data-settings=\"{&quot;background_background&quot;:&quot;classic&quot;}\">\n\t\t\t\t<div class=\"elementor-element elementor-element-bfbb9e2 elementor-widget elementor-widget-image\" data-id=\"bfbb9e2\" data-element_type=\"widget\" data-e-type=\"widget\" data-widget_type=\"image.default\">\n\t\t\t\t<div class=\"elementor-widget-container\">\n\t\t\t\t\t\t\t\t\t\t\t\t\t\t\t\t<a href=\"https:\/\/xn--digitalinteligncia-7wb.com.br\/index.php\/digital-inteligencia-sites\/\">\n\t\t\t\t\t\t\t<img decoding=\"async\" width=\"100\" height=\"100\" src=\"https:\/\/xn--digitalinteligncia-7wb.com.br\/wp-content\/uploads\/2024\/01\/Cyberswcurity-1.gif\" class=\"attachment-medium size-medium wp-image-382\" alt=\"\" \/>\t\t\t\t\t\t\t\t<\/a>\n\t\t\t\t\t\t\t\t\t\t\t\t\t\t\t<\/div>\n\t\t\t\t<\/div>\n\t\t\t\t<\/div>\n\t\t<div class=\"elementor-element elementor-element-07482d6 e-con-full e-flex e-con e-child\" data-id=\"07482d6\" data-element_type=\"container\" data-e-type=\"container\" data-settings=\"{&quot;background_background&quot;:&quot;classic&quot;}\">\n\t\t\t\t<div class=\"elementor-element elementor-element-608c82b elementor-widget elementor-widget-heading\" data-id=\"608c82b\" data-element_type=\"widget\" data-e-type=\"widget\" data-widget_type=\"heading.default\">\n\t\t\t\t<div class=\"elementor-widget-container\">\n\t\t\t\t\t<h2 class=\"elementor-heading-title elementor-size-default\"><a href=\"https:\/\/xn--digitalinteligncia-7wb.com.br\/index.php\/digital-inteligencia-sites\/\">Seguran\u00e7a on-line (Sites)?<\/a><\/h2>\t\t\t\t<\/div>\n\t\t\t\t<\/div>\n\t\t\t\t<\/div>\n\t\t<div class=\"elementor-element elementor-element-d0304e6 e-con-full e-flex e-con e-child\" data-id=\"d0304e6\" data-element_type=\"container\" data-e-type=\"container\" data-settings=\"{&quot;background_background&quot;:&quot;classic&quot;}\">\n\t\t\t\t<div class=\"elementor-element elementor-element-3ee7d5e elementor-widget elementor-widget-heading\" data-id=\"3ee7d5e\" data-element_type=\"widget\" data-e-type=\"widget\" data-widget_type=\"heading.default\">\n\t\t\t\t<div class=\"elementor-widget-container\">\n\t\t\t\t\t<h2 class=\"elementor-heading-title elementor-size-default\"><a href=\"https:\/\/xn--digitalinteligncia-7wb.com.br\/index.php\/digital-inteligencia-assuntos-sensiveis\/\">Desvendar um assunto sens\u00edvel?<\/a><\/h2>\t\t\t\t<\/div>\n\t\t\t\t<\/div>\n\t\t\t\t<\/div>\n\t\t<div class=\"elementor-element elementor-element-8c8ba07 e-con-full e-flex e-con e-child\" data-id=\"8c8ba07\" data-element_type=\"container\" data-e-type=\"container\" data-settings=\"{&quot;background_background&quot;:&quot;classic&quot;}\">\n\t\t\t\t<div class=\"elementor-element elementor-element-a2dbf79 elementor-widget elementor-widget-image\" data-id=\"a2dbf79\" data-element_type=\"widget\" data-e-type=\"widget\" data-widget_type=\"image.default\">\n\t\t\t\t<div class=\"elementor-widget-container\">\n\t\t\t\t\t\t\t\t\t\t\t\t\t\t\t\t<a href=\"https:\/\/xn--digitalinteligncia-7wb.com.br\/index.php\/digital-inteligencia-assuntos-sensiveis\/\">\n\t\t\t\t\t\t\t<img decoding=\"async\" width=\"100\" height=\"100\" src=\"https:\/\/xn--digitalinteligncia-7wb.com.br\/wp-content\/uploads\/2024\/01\/Link-unlink.gif\" class=\"attachment-medium size-medium wp-image-383\" alt=\"\" \/>\t\t\t\t\t\t\t\t<\/a>\n\t\t\t\t\t\t\t\t\t\t\t\t\t\t\t<\/div>\n\t\t\t\t<\/div>\n\t\t\t\t<\/div>\n\t\t<div class=\"elementor-element elementor-element-77cb465 e-con-full e-flex e-con e-child\" data-id=\"77cb465\" data-element_type=\"container\" data-e-type=\"container\" data-settings=\"{&quot;background_background&quot;:&quot;classic&quot;}\">\n\t\t\t\t<div class=\"elementor-element elementor-element-f11aab5 elementor-widget elementor-widget-image\" data-id=\"f11aab5\" data-element_type=\"widget\" data-e-type=\"widget\" data-widget_type=\"image.default\">\n\t\t\t\t<div class=\"elementor-widget-container\">\n\t\t\t\t\t\t\t\t\t\t\t\t\t\t\t\t<a href=\"https:\/\/xn--digitalinteligncia-7wb.com.br\/index.php\/digital-inteligencia-redes-sociais\/\">\n\t\t\t\t\t\t\t<img decoding=\"async\" width=\"100\" height=\"100\" src=\"https:\/\/xn--digitalinteligncia-7wb.com.br\/wp-content\/uploads\/2024\/01\/Redes-1.gif\" class=\"attachment-medium size-medium wp-image-376\" alt=\"\" \/>\t\t\t\t\t\t\t\t<\/a>\n\t\t\t\t\t\t\t\t\t\t\t\t\t\t\t<\/div>\n\t\t\t\t<\/div>\n\t\t\t\t<\/div>\n\t\t<div class=\"elementor-element elementor-element-f173e63 e-con-full e-flex e-con e-child\" data-id=\"f173e63\" data-element_type=\"container\" data-e-type=\"container\" data-settings=\"{&quot;background_background&quot;:&quot;classic&quot;}\">\n\t\t\t\t<div class=\"elementor-element elementor-element-065c590 elementor-widget elementor-widget-heading\" data-id=\"065c590\" data-element_type=\"widget\" data-e-type=\"widget\" data-widget_type=\"heading.default\">\n\t\t\t\t<div class=\"elementor-widget-container\">\n\t\t\t\t\t<h2 class=\"elementor-heading-title elementor-size-default\"><a href=\"https:\/\/xn--digitalinteligncia-7wb.com.br\/index.php\/digital-inteligencia-redes-sociais\/\">Proteger-se nas Rede(s) Social(is)?<\/a><\/h2>\t\t\t\t<\/div>\n\t\t\t\t<\/div>\n\t\t\t\t<\/div>\n\t\t\t\t\t<\/div>\n\t\t\t\t<\/div>\n\t\t<div class=\"elementor-element elementor-element-214d063 e-flex e-con-boxed e-con e-parent\" data-id=\"214d063\" data-element_type=\"container\" data-e-type=\"container\" data-settings=\"{&quot;background_background&quot;:&quot;classic&quot;}\">\n\t\t\t\t\t<div class=\"e-con-inner\">\n\t\t\t\t<div class=\"elementor-element elementor-element-1565aa7 elementor-align-center elementor-widget elementor-widget-button\" data-id=\"1565aa7\" data-element_type=\"widget\" data-e-type=\"widget\" data-widget_type=\"button.default\">\n\t\t\t\t<div class=\"elementor-widget-container\">\n\t\t\t\t\t\t\t\t\t<div class=\"elementor-button-wrapper\">\n\t\t\t\t\t<a class=\"elementor-button elementor-button-link elementor-size-md\" href=\"https:\/\/xn--digitalinteligncia-7wb.com.br\/\">\n\t\t\t\t\t\t<span class=\"elementor-button-content-wrapper\">\n\t\t\t\t\t\t<span class=\"elementor-button-icon\">\n\t\t\t\t<svg aria-hidden=\"true\" class=\"e-font-icon-svg e-fas-arrow-circle-left\" viewBox=\"0 0 512 512\" xmlns=\"http:\/\/www.w3.org\/2000\/svg\"><path d=\"M256 504C119 504 8 393 8 256S119 8 256 8s248 111 248 248-111 248-248 248zm28.9-143.6L209.4 288H392c13.3 0 24-10.7 24-24v-16c0-13.3-10.7-24-24-24H209.4l75.5-72.4c9.7-9.3 9.9-24.8.4-34.3l-11-10.9c-9.4-9.4-24.6-9.4-33.9 0L107.7 239c-9.4 9.4-9.4 24.6 0 33.9l132.7 132.7c9.4 9.4 24.6 9.4 33.9 0l11-10.9c9.5-9.5 9.3-25-.4-34.3z\"><\/path><\/svg>\t\t\t<\/span>\n\t\t\t\t\t\t\t\t\t<span class=\"elementor-button-text\">Voltar<\/span>\n\t\t\t\t\t<\/span>\n\t\t\t\t\t<\/a>\n\t\t\t\t<\/div>\n\t\t\t\t\t\t\t\t<\/div>\n\t\t\t\t<\/div>\n\t\t\t\t\t<\/div>\n\t\t\t\t<\/div>\n\t\t<div class=\"elementor-element elementor-element-9da009b e-flex e-con-boxed e-con e-parent\" data-id=\"9da009b\" data-element_type=\"container\" data-e-type=\"container\">\n\t\t\t\t\t<div class=\"e-con-inner\">\n\t\t<div class=\"elementor-element elementor-element-9a13690 e-con-full e-flex e-con e-child\" data-id=\"9a13690\" data-element_type=\"container\" data-e-type=\"container\">\n\t\t\t\t<\/div>\n\t\t<div class=\"elementor-element elementor-element-d0def9a e-con-full e-flex e-con e-child\" data-id=\"d0def9a\" data-element_type=\"container\" data-e-type=\"container\">\n\t\t\t\t<\/div>\n\t\t\t\t\t<\/div>\n\t\t\t\t<\/div>\n\t\t\t\t<\/div>\n\t\t","protected":false},"excerpt":{"rendered":"<p>Nosso neg\u00f3cio \u00e9 a sua privacidade protegida! Seguran\u00e7a on-line (Sites)? Desvendar um assunto sens\u00edvel? Proteger-se nas Rede(s) Social(is)? Voltar<\/p>\n","protected":false},"author":1,"featured_media":0,"parent":0,"menu_order":0,"comment_status":"open","ping_status":"closed","template":"elementor_canvas","meta":{"footnotes":""},"class_list":["post-846","page","type-page","status-publish","hentry"],"yoast_head":"<!-- This site is optimized with the Yoast SEO plugin v27.6 - https:\/\/yoast.com\/product\/yoast-seo-wordpress\/ -->\n<title>Inicial | Digital Intelig\u00eancia<\/title>\n<meta name=\"robots\" content=\"index, follow, max-snippet:-1, max-image-preview:large, max-video-preview:-1\" \/>\n<link rel=\"canonical\" href=\"https:\/\/xn--digitalinteligncia-7wb.com.br\/index.php\/inicial\/\" \/>\n<meta property=\"og:locale\" content=\"pt_BR\" \/>\n<meta property=\"og:type\" content=\"article\" \/>\n<meta property=\"og:title\" content=\"Inicial | Digital Intelig\u00eancia\" \/>\n<meta property=\"og:description\" content=\"Nosso neg\u00f3cio \u00e9 a sua privacidade protegida! Seguran\u00e7a on-line (Sites)? Desvendar um assunto sens\u00edvel? Proteger-se nas Rede(s) Social(is)? Voltar\" \/>\n<meta property=\"og:url\" content=\"https:\/\/xn--digitalinteligncia-7wb.com.br\/index.php\/inicial\/\" \/>\n<meta property=\"og:site_name\" content=\"Digital Intelig\u00eancia\" \/>\n<meta property=\"article:modified_time\" content=\"2025-04-24T18:47:18+00:00\" \/>\n<meta property=\"og:image\" content=\"https:\/\/xn--digitalinteligncia-7wb.com.br\/wp-content\/uploads\/elementor\/thumbs\/Distico-qi9ptj2l5dxwbx4o4euyvi2q7n065pz06ia4qy765k.png\" \/>\n<meta name=\"twitter:card\" content=\"summary_large_image\" \/>\n<meta name=\"twitter:label1\" content=\"Est. tempo de leitura\" \/>\n\t<meta name=\"twitter:data1\" content=\"1 minuto\" \/>\n<script type=\"application\/ld+json\" class=\"yoast-schema-graph\">{\"@context\":\"https:\\\/\\\/schema.org\",\"@graph\":[{\"@type\":\"WebPage\",\"@id\":\"https:\\\/\\\/xn--digitalinteligncia-7wb.com.br\\\/index.php\\\/inicial\\\/\",\"url\":\"https:\\\/\\\/xn--digitalinteligncia-7wb.com.br\\\/index.php\\\/inicial\\\/\",\"name\":\"Inicial | Digital Intelig\u00eancia\",\"isPartOf\":{\"@id\":\"https:\\\/\\\/xn--digitalinteligncia-7wb.com.br\\\/#website\"},\"primaryImageOfPage\":{\"@id\":\"https:\\\/\\\/xn--digitalinteligncia-7wb.com.br\\\/index.php\\\/inicial\\\/#primaryimage\"},\"image\":{\"@id\":\"https:\\\/\\\/xn--digitalinteligncia-7wb.com.br\\\/index.php\\\/inicial\\\/#primaryimage\"},\"thumbnailUrl\":\"https:\\\/\\\/xn--digitalinteligncia-7wb.com.br\\\/wp-content\\\/uploads\\\/elementor\\\/thumbs\\\/Distico-qi9ptj2l5dxwbx4o4euyvi2q7n065pz06ia4qy765k.png\",\"datePublished\":\"2024-04-22T20:48:01+00:00\",\"dateModified\":\"2025-04-24T18:47:18+00:00\",\"breadcrumb\":{\"@id\":\"https:\\\/\\\/xn--digitalinteligncia-7wb.com.br\\\/index.php\\\/inicial\\\/#breadcrumb\"},\"inLanguage\":\"pt-BR\",\"potentialAction\":[{\"@type\":\"ReadAction\",\"target\":[\"https:\\\/\\\/xn--digitalinteligncia-7wb.com.br\\\/index.php\\\/inicial\\\/\"]}]},{\"@type\":\"ImageObject\",\"inLanguage\":\"pt-BR\",\"@id\":\"https:\\\/\\\/xn--digitalinteligncia-7wb.com.br\\\/index.php\\\/inicial\\\/#primaryimage\",\"url\":\"https:\\\/\\\/xn--digitalinteligncia-7wb.com.br\\\/wp-content\\\/uploads\\\/elementor\\\/thumbs\\\/Distico-qi9ptj2l5dxwbx4o4euyvi2q7n065pz06ia4qy765k.png\",\"contentUrl\":\"https:\\\/\\\/xn--digitalinteligncia-7wb.com.br\\\/wp-content\\\/uploads\\\/elementor\\\/thumbs\\\/Distico-qi9ptj2l5dxwbx4o4euyvi2q7n065pz06ia4qy765k.png\"},{\"@type\":\"BreadcrumbList\",\"@id\":\"https:\\\/\\\/xn--digitalinteligncia-7wb.com.br\\\/index.php\\\/inicial\\\/#breadcrumb\",\"itemListElement\":[{\"@type\":\"ListItem\",\"position\":1,\"name\":\"In\u00edcio\",\"item\":\"https:\\\/\\\/xn--digitalinteligncia-7wb.com.br\\\/\"},{\"@type\":\"ListItem\",\"position\":2,\"name\":\"Inicial\"}]},{\"@type\":\"WebSite\",\"@id\":\"https:\\\/\\\/xn--digitalinteligncia-7wb.com.br\\\/#website\",\"url\":\"https:\\\/\\\/xn--digitalinteligncia-7wb.com.br\\\/\",\"name\":\"Digital Intelig\u00eancia\",\"description\":\"Servi\u00e7os de Intelig\u00eancia Digital\",\"publisher\":{\"@id\":\"https:\\\/\\\/xn--digitalinteligncia-7wb.com.br\\\/#organization\"},\"potentialAction\":[{\"@type\":\"SearchAction\",\"target\":{\"@type\":\"EntryPoint\",\"urlTemplate\":\"https:\\\/\\\/xn--digitalinteligncia-7wb.com.br\\\/?s={search_term_string}\"},\"query-input\":{\"@type\":\"PropertyValueSpecification\",\"valueRequired\":true,\"valueName\":\"search_term_string\"}}],\"inLanguage\":\"pt-BR\"},{\"@type\":\"Organization\",\"@id\":\"https:\\\/\\\/xn--digitalinteligncia-7wb.com.br\\\/#organization\",\"name\":\"Digital Intelig\u00eancia\",\"url\":\"https:\\\/\\\/xn--digitalinteligncia-7wb.com.br\\\/\",\"logo\":{\"@type\":\"ImageObject\",\"inLanguage\":\"pt-BR\",\"@id\":\"https:\\\/\\\/xn--digitalinteligncia-7wb.com.br\\\/#\\\/schema\\\/logo\\\/image\\\/\",\"url\":\"https:\\\/\\\/xn--digitalinteligncia-7wb.com.br\\\/wp-content\\\/uploads\\\/2024\\\/01\\\/Distico.png\",\"contentUrl\":\"https:\\\/\\\/xn--digitalinteligncia-7wb.com.br\\\/wp-content\\\/uploads\\\/2024\\\/01\\\/Distico.png\",\"width\":500,\"height\":500,\"caption\":\"Digital Intelig\u00eancia\"},\"image\":{\"@id\":\"https:\\\/\\\/xn--digitalinteligncia-7wb.com.br\\\/#\\\/schema\\\/logo\\\/image\\\/\"}}]}<\/script>\n<!-- \/ Yoast SEO plugin. -->","yoast_head_json":{"title":"Inicial | Digital Intelig\u00eancia","robots":{"index":"index","follow":"follow","max-snippet":"max-snippet:-1","max-image-preview":"max-image-preview:large","max-video-preview":"max-video-preview:-1"},"canonical":"https:\/\/xn--digitalinteligncia-7wb.com.br\/index.php\/inicial\/","og_locale":"pt_BR","og_type":"article","og_title":"Inicial | Digital Intelig\u00eancia","og_description":"Nosso neg\u00f3cio \u00e9 a sua privacidade protegida! Seguran\u00e7a on-line (Sites)? Desvendar um assunto sens\u00edvel? Proteger-se nas Rede(s) Social(is)? Voltar","og_url":"https:\/\/xn--digitalinteligncia-7wb.com.br\/index.php\/inicial\/","og_site_name":"Digital Intelig\u00eancia","article_modified_time":"2025-04-24T18:47:18+00:00","og_image":[{"url":"https:\/\/xn--digitalinteligncia-7wb.com.br\/wp-content\/uploads\/elementor\/thumbs\/Distico-qi9ptj2l5dxwbx4o4euyvi2q7n065pz06ia4qy765k.png","type":"","width":"","height":""}],"twitter_card":"summary_large_image","twitter_misc":{"Est. tempo de leitura":"1 minuto"},"schema":{"@context":"https:\/\/schema.org","@graph":[{"@type":"WebPage","@id":"https:\/\/xn--digitalinteligncia-7wb.com.br\/index.php\/inicial\/","url":"https:\/\/xn--digitalinteligncia-7wb.com.br\/index.php\/inicial\/","name":"Inicial | Digital Intelig\u00eancia","isPartOf":{"@id":"https:\/\/xn--digitalinteligncia-7wb.com.br\/#website"},"primaryImageOfPage":{"@id":"https:\/\/xn--digitalinteligncia-7wb.com.br\/index.php\/inicial\/#primaryimage"},"image":{"@id":"https:\/\/xn--digitalinteligncia-7wb.com.br\/index.php\/inicial\/#primaryimage"},"thumbnailUrl":"https:\/\/xn--digitalinteligncia-7wb.com.br\/wp-content\/uploads\/elementor\/thumbs\/Distico-qi9ptj2l5dxwbx4o4euyvi2q7n065pz06ia4qy765k.png","datePublished":"2024-04-22T20:48:01+00:00","dateModified":"2025-04-24T18:47:18+00:00","breadcrumb":{"@id":"https:\/\/xn--digitalinteligncia-7wb.com.br\/index.php\/inicial\/#breadcrumb"},"inLanguage":"pt-BR","potentialAction":[{"@type":"ReadAction","target":["https:\/\/xn--digitalinteligncia-7wb.com.br\/index.php\/inicial\/"]}]},{"@type":"ImageObject","inLanguage":"pt-BR","@id":"https:\/\/xn--digitalinteligncia-7wb.com.br\/index.php\/inicial\/#primaryimage","url":"https:\/\/xn--digitalinteligncia-7wb.com.br\/wp-content\/uploads\/elementor\/thumbs\/Distico-qi9ptj2l5dxwbx4o4euyvi2q7n065pz06ia4qy765k.png","contentUrl":"https:\/\/xn--digitalinteligncia-7wb.com.br\/wp-content\/uploads\/elementor\/thumbs\/Distico-qi9ptj2l5dxwbx4o4euyvi2q7n065pz06ia4qy765k.png"},{"@type":"BreadcrumbList","@id":"https:\/\/xn--digitalinteligncia-7wb.com.br\/index.php\/inicial\/#breadcrumb","itemListElement":[{"@type":"ListItem","position":1,"name":"In\u00edcio","item":"https:\/\/xn--digitalinteligncia-7wb.com.br\/"},{"@type":"ListItem","position":2,"name":"Inicial"}]},{"@type":"WebSite","@id":"https:\/\/xn--digitalinteligncia-7wb.com.br\/#website","url":"https:\/\/xn--digitalinteligncia-7wb.com.br\/","name":"Digital Intelig\u00eancia","description":"Servi\u00e7os de Intelig\u00eancia Digital","publisher":{"@id":"https:\/\/xn--digitalinteligncia-7wb.com.br\/#organization"},"potentialAction":[{"@type":"SearchAction","target":{"@type":"EntryPoint","urlTemplate":"https:\/\/xn--digitalinteligncia-7wb.com.br\/?s={search_term_string}"},"query-input":{"@type":"PropertyValueSpecification","valueRequired":true,"valueName":"search_term_string"}}],"inLanguage":"pt-BR"},{"@type":"Organization","@id":"https:\/\/xn--digitalinteligncia-7wb.com.br\/#organization","name":"Digital Intelig\u00eancia","url":"https:\/\/xn--digitalinteligncia-7wb.com.br\/","logo":{"@type":"ImageObject","inLanguage":"pt-BR","@id":"https:\/\/xn--digitalinteligncia-7wb.com.br\/#\/schema\/logo\/image\/","url":"https:\/\/xn--digitalinteligncia-7wb.com.br\/wp-content\/uploads\/2024\/01\/Distico.png","contentUrl":"https:\/\/xn--digitalinteligncia-7wb.com.br\/wp-content\/uploads\/2024\/01\/Distico.png","width":500,"height":500,"caption":"Digital Intelig\u00eancia"},"image":{"@id":"https:\/\/xn--digitalinteligncia-7wb.com.br\/#\/schema\/logo\/image\/"}}]}},"_links":{"self":[{"href":"https:\/\/xn--digitalinteligncia-7wb.com.br\/index.php\/wp-json\/wp\/v2\/pages\/846","targetHints":{"allow":["GET"]}}],"collection":[{"href":"https:\/\/xn--digitalinteligncia-7wb.com.br\/index.php\/wp-json\/wp\/v2\/pages"}],"about":[{"href":"https:\/\/xn--digitalinteligncia-7wb.com.br\/index.php\/wp-json\/wp\/v2\/types\/page"}],"author":[{"embeddable":true,"href":"https:\/\/xn--digitalinteligncia-7wb.com.br\/index.php\/wp-json\/wp\/v2\/users\/1"}],"replies":[{"embeddable":true,"href":"https:\/\/xn--digitalinteligncia-7wb.com.br\/index.php\/wp-json\/wp\/v2\/comments?post=846"}],"version-history":[{"count":68,"href":"https:\/\/xn--digitalinteligncia-7wb.com.br\/index.php\/wp-json\/wp\/v2\/pages\/846\/revisions"}],"predecessor-version":[{"id":1083,"href":"https:\/\/xn--digitalinteligncia-7wb.com.br\/index.php\/wp-json\/wp\/v2\/pages\/846\/revisions\/1083"}],"wp:attachment":[{"href":"https:\/\/xn--digitalinteligncia-7wb.com.br\/index.php\/wp-json\/wp\/v2\/media?parent=846"}],"curies":[{"name":"wp","href":"https:\/\/api.w.org\/{rel}","templated":true}]}}